{"id":1156,"date":"2025-06-28T16:05:00","date_gmt":"2025-06-28T16:05:00","guid":{"rendered":"https:\/\/anwi.gmbh\/?page_id=1156"},"modified":"2025-07-17T09:55:02","modified_gmt":"2025-07-17T09:55:02","slug":"private-ai-chat-loesung-sichere-ki-kommunikation-fuer-ihr-unternehmen","status":"publish","type":"page","link":"https:\/\/anwi.gmbh\/?page_id=1156&lang=de","title":{"rendered":"Private AI Chat-L\u00f6sung: Sichere KI-Kommunikation f\u00fcr Ihr Unternehmen"},"content":{"rendered":"<p> <i>Dieses Dokument stellt die &#8222;Private AI Chat-L\u00f6sung&#8220; vor, eine sichere KI-Kommunikationsplattform f\u00fcr Unternehmen. Sie bietet ma\u00dfgeschneiderte kommerzielle Pakete f\u00fcr Pilotprojekte mit 5-30 Benutzern, mit flexibler Bereitstellung in Ihrer bestehenden Cloud- oder On-Premise-Umgebung. W\u00e4hlen Sie aus gestaffelten Angeboten: kostenlos, 699,- \u20ac pro Installation oder 1200,- \u20ac pro Tag f\u00fcr angepasste Setups, die Datenschutz und Skalierbarkeit gew\u00e4hrleisten.<\/i> <\/p>\n<p> <b>\ud83d\udcc4 Download:<\/b> <a href=\"https:\/\/anwi.gmbh\/wp-content\/uploads\/2025\/07\/private-ai_offer-de.pdf\">PDF-Version dieses Dokuments.<\/a> <\/p>\n<td><a class=\"fasc-button fasc-size-large fasc-type-flat fasc-ico-before dashicons-email-alt\" style=\"background-color: #33809e; color: #ffffff;\" href=\"mailto:info@anwi.gmbh?subject=Private-AI Chat Solution&amp;body=Hallo, ich interessiere mich f\u00fcr die Private-AI Chat-L\u00f6sung. Bitte kontaktieren Sie mich f\u00fcr weitere Informationen.\">E-Mail-Anfrage f\u00fcr die &#8222;Private-AI Chat-L\u00f6sung&#8220;<\/a><\/td>\n<div id=\"org4ad5534\" class=\"figure\">\n<p><img decoding=\"async\" src=\"https:\/\/anwi.gmbh\/wp-content\/uploads\/2025\/06\/offer-infographic-de.png\" alt=\"offer-infographic-de.png\" \/> <\/p>\n<p><span class=\"figure-number\">Figure 1: <\/span>\u00dcberblick \u00fcber die Angebote der Private AI Chat-L\u00f6sung<\/p>\n<\/p><\/div>\n<div id=\"outline-container-org44d0fc8\" class=\"outline-2\">\n<h2 id=\"org44d0fc8\"><span class=\"section-number-2\">1.<\/span> Einf\u00fchrung in die <i>Private AI Chat-L\u00f6sung<\/i><\/h2>\n<div class=\"outline-text-2\" id=\"text-1\">\n<p> Die <i>Private AI Chat-L\u00f6sung<\/i> bietet eine sichere, KI-gesteuerte Kommunikationsanwendung \u00e4hnlich ChatGPT, die auf Ihr Unternehmen zugeschnitten ist. Entwickelt f\u00fcr eine Pilotgruppe von 5-30 Benutzern, gew\u00e4hrleistet dieser Service datenschutzorientierte L\u00f6sungen, die skaliert werden k\u00f6nnen, um Unternehmensanforderungen zu erf\u00fcllen. Basierend auf dem <a href=\"https:\/\/github.com\/andreaswittmann\/private-ai\">private-ai-Projekt<\/a>, das selbst das Open-Source-<a href=\"https:\/\/www.librechat.ai\/\">LibreChat-Framework<\/a> nutzt, bietet dieses kommerzielle Angebot eine datenschutzfokussierte Einrichtung mit drei Cloud-Bereitstellungsoptionen und einer On-Premise-Option zur Auswahl. Dieser Ansatz erm\u00f6glicht eine optimierte Bereitstellung auf Ihrer Infrastruktur und verbessert die interne Kommunikation mit vollst\u00e4ndiger Kontrolle \u00fcber Ihre Daten. Unser Fokus liegt darauf, wirtschaftlichen Nutzen durch Datenschutz, Flexibilit\u00e4t und Skalierbarkeit zu liefern und Ihr Team mit modernsten KI-Tools zu st\u00e4rken. <\/p>\n<figure style=\"margin: 1em 0; text-align: center;\">\n<div style=\"position: relative; padding-bottom: 56.25%; height: 0; overflow: hidden;\">\n    <iframe \n      src=\"https:\/\/www.youtube.com\/embed\/qsZJPZaKZaY?si=uxIpwz0C9QqRDKq1&#038;cc_load_policy=1&#038;cc_lang_pref=de\" \n      style=\"position: absolute; top: 0; left: 0; width: 100%; height: 100%;\" \n      frameborder=\"0\" \n      allow=\"accelerometer; autoplay; clipboard-write; encrypted-media; gyroscope; picture-in-picture\" \n      allowfullscreen><br \/>\n    <\/iframe>\n  <\/div><figcaption style=\"font-size: 0.9em; color: #555;\">Video: Wie man mit LibreChat die Datenkontrolle wiederherstellt.<\/figcaption><\/figure>\n<\/div>\n<\/div>\n<div id=\"outline-container-org57ff026\" class=\"outline-2\">\n<h2 id=\"org57ff026\"><span class=\"section-number-2\">2.<\/span> Angebotstypen f\u00fcr die <i>Private AI Chat-L\u00f6sung<\/i><\/h2>\n<div class=\"outline-text-2\" id=\"text-2\">\n<p> Um unterschiedlichen Gesch\u00e4ftsanforderungen und Budgets gerecht zu werden, bieten wir drei verschiedene Angebotstypen f\u00fcr die Bereitstellung der <i>Private AI Chat-L\u00f6sung<\/i>. Jedes Paket ist darauf ausgelegt, sichere, KI-gesteuerte Kommunikation mit Fokus auf Datenschutz und Skalierbarkeit zu liefern, angepasst an verschiedene Ebenen von Support und Anpassung. <\/p>\n<\/div>\n<div id=\"outline-container-orge08b36d\" class=\"outline-3\">\n<h3 id=\"orge08b36d\"><span class=\"section-number-3\">2.1.<\/span> Starter (Kostenlos)<\/h3>\n<div class=\"outline-text-3\" id=\"text-2-1\">\n<p> Diese Einstiegsoption erm\u00f6glicht es Ihnen, unsere Open-Source-Ressourcen auf <a href=\"https:\/\/github.com\/andreaswittmann\/private-ai\">GitHub<\/a> zu nutzen, um die <i>Private AI Chat-L\u00f6sung<\/i> eigenst\u00e4ndig bereitzustellen. Sie bietet Zugang zu umfassend dokumentierten Anleitungen f\u00fcr die selbstgef\u00fchrte Einrichtung, ideal f\u00fcr Teams mit technischer Expertise, die die L\u00f6sung kostenlos testen m\u00f6chten. Sie k\u00f6nnen die Bereitstellung mit den bereitgestellten Materialien an Ihre Bed\u00fcrfnisse anpassen und die Vorteile sicherer KI-Kommunikation ohne anf\u00e4ngliche Investition erkunden. <\/p>\n<\/div>\n<\/div>\n<div id=\"outline-container-orgcf1535a\" class=\"outline-3\">\n<h3 id=\"orgcf1535a\"><span class=\"section-number-3\">2.2.<\/span> Standard (699,- \u20ac pro Installation)<\/h3>\n<div class=\"outline-text-3\" id=\"text-2-2\">\n<p> Das Standard-Paket bietet eine vollst\u00e4ndig unterst\u00fctzte, standardisierte Installation der <i>Private AI Chat-L\u00f6sung<\/i> in Ihrem Netzwerk, die die bew\u00e4hrte Einrichtung in unserem <a href=\"https:\/\/github.com\/andreaswittmann\/private-ai\">GitHub-Projekt<\/a> widerspiegelt. Dieses Paket nutzt KI-Anbieter, die f\u00fcr Ihre gew\u00e4hlte Cloud-Plattform unterst\u00fctzt werden (AWS Bedrock, Azure OpenAI oder Google Cloud AI) oder Ollama Open-Source-Anbieter f\u00fcr On-Premise-Optionen. Es umfasst umfassende Dokumentation und eine einsatzbereite Umgebung f\u00fcr Ihre Pilotgruppe von 5-30 Benutzern. Fernzugriff und eine geeignete Maschine sind f\u00fcr die Einrichtung erforderlich; Lizenzen f\u00fcr Drittanbieter-Software m\u00fcssen von Ihrer Organisation f\u00fcr den Produktionseinsatz bereitgestellt werden. Bitte beachten Sie, dass Anpassungen zu diesem Preis nicht verf\u00fcgbar sind. Die Einrichtung wird an einem einzigen Tag nach einer Vorbereitungsphase abgeschlossen, die alle Anforderungen \u00fcberpr\u00fcft und eine schnelle, zuverl\u00e4ssige Bereitstellung gew\u00e4hrleistet. <\/p>\n<\/div>\n<\/div>\n<div id=\"outline-container-org9a9cd33\" class=\"outline-3\">\n<h3 id=\"org9a9cd33\"><span class=\"section-number-3\">2.3.<\/span> Professional (1200,- \u20ac pro Tag)<\/h3>\n<div class=\"outline-text-3\" id=\"text-2-3\">\n<p> Im Rahmen des Professional-Pakets entwickeln unsere Experten eine passgenaue Bereitstellung der <i>Private AI Chat-L\u00f6sung<\/i>, die exakt auf Ihre Anforderungen abgestimmt ist. Aufbauend auf der Grundlage unseres <a href=\"https:\/\/github.com\/andreaswittmann\/private-ai\">GitHub-Projekts<\/a> entwerfen wir eine angepasste Architektur, die erweiterte Sicherheits-, Skalierbarkeits- oder Integrationsfunktionen umfassen kann. Diese Option deckt auch Migrationen, Leistungsoptimierung und laufenden Support ab und gew\u00e4hrleistet eine nahtlose Anpassung an Ihre Betriebsumgebung. <\/p>\n<p> Diese drei Angebotstypen bieten flexible Wege zur Einf\u00fchrung der <i>Private AI Chat-L\u00f6sung<\/i>, von selbstverwalteter Erkundung bis hin zu vollst\u00e4ndig angepassten Unternehmensl\u00f6sungen. W\u00e4hlen Sie das Paket, das am besten zu den Ressourcen und strategischen Zielen Ihrer Organisation passt. <\/p>\n<\/div>\n<\/div>\n<\/div>\n<div id=\"outline-container-orgcccb4ad\" class=\"outline-2\">\n<h2 id=\"orgcccb4ad\"><span class=\"section-number-2\">3.<\/span> Kernarchitektur<\/h2>\n<div class=\"outline-text-2\" id=\"text-3\">\n<p> Die <i>Private AI Chat-L\u00f6sung<\/i> basiert auf einer robusten, unternehmenstauglichen Architektur, die vier Bereitstellungsoptionen unterst\u00fctzt und konsistente Leistung und Skalierbarkeit in verschiedenen Umgebungen gew\u00e4hrleistet. Diese Grundlage erm\u00f6glicht nahtloses Wechseln zwischen verschiedenen KI-Modellen basierend auf Ihren Bed\u00fcrfnissen \u2013 ob Sie Datenschutz mit lokaler Verarbeitung priorisieren oder Cloud-Power f\u00fcr komplexe Aufgaben nutzen. Die Architektur ist auf Einfachheit und Sicherheit ausgelegt und verwaltet alle Komponenten in einer kontrollierten Umgebung, um Datensouver\u00e4nit\u00e4t zu gew\u00e4hrleisten. Diese Einrichtung erm\u00f6glicht Funktionen wie sichere Dokumentenverarbeitung, bei der sensible Dateien behandelt werden, ohne jemals Ihre Infrastruktur zu verlassen \u2013 und gew\u00e4hrleistet so maximale Vertraulichkeit und Sicherheit f\u00fcr Ihre Kommunikation. <\/p>\n<div id=\"org5ce5140\" class=\"figure\">\n<p><img decoding=\"async\" src=\"https:\/\/anwi.gmbh\/wp-content\/uploads\/2025\/06\/docker-architecture_simple-1.png\" alt=\"docker-architecture_simple.png\" \/> <\/p>\n<p><span class=\"figure-number\">Figure 2: <\/span>Kernarchitektur, die allen Private AI-Bereitstellungen zugrunde liegt und konsistente Leistung und Skalierbarkeit gew\u00e4hrleistet.<\/p>\n<\/p><\/div>\n<\/div>\n<\/div>\n<div id=\"outline-container-orge685b2c\" class=\"outline-2\">\n<h2 id=\"orge685b2c\"><span class=\"section-number-2\">4.<\/span> \u00dcberblick \u00fcber Bereitstellungsoptionen<\/h2>\n<div class=\"outline-text-2\" id=\"text-4\">\n<p> Die <i>Private AI Chat-L\u00f6sung<\/i> bietet vier verschiedene Bereitstellungsoptionen, um sich an Ihre bestehende Infrastruktur und strategischen Ziele anzupassen. Jede Option ist f\u00fcr eine schnelle Einrichtung konzipiert, sodass Ihre Pilotgruppe sichere Kommunikation und einen kontinuierlichen Betrieb erleben kann. <\/p>\n<\/div>\n<div id=\"outline-container-org6420118\" class=\"outline-3\">\n<h3 id=\"org6420118\"><span class=\"section-number-3\">4.1.<\/span> AWS mit Bedrock<\/h3>\n<div class=\"outline-text-3\" id=\"text-4-1\">\n<ul class=\"org-ul\">\n<li><b>Plattform<\/b>: Nutzt AWS Bedrock-Modelle auf AWS-Cloud-Infrastruktur.<\/li>\n<li><b>Hauptvorteil<\/b>: Bietet eine vereinfachte Bereitstellung basierend auf dem &#8218;private-ai&#8216;-Projekt f\u00fcr schnelle Implementierung.<\/li>\n<li><b>Am besten f\u00fcr<\/b>: Organisationen, die bereits AWS nutzen und eine Chat-Client-Einrichtung in ihrer bestehenden Cloud-Umgebung f\u00fcr nahtlose Integration suchen.<\/li>\n<\/ul>\n<div id=\"org009a106\" class=\"figure\">\n<p><img decoding=\"async\" src=\"https:\/\/anwi.gmbh\/wp-content\/uploads\/2025\/06\/aws-architecture-1.png\" alt=\"aws-architecture.png\" \/> <\/p>\n<p><span class=\"figure-number\">Figure 3: <\/span>AWS-Architektur mit Bedrock-Integration, entwickelt f\u00fcr nahtlose und schnelle Private AI-Bereitstellung.<\/p>\n<\/p><\/div>\n<\/div>\n<\/div>\n<div id=\"outline-container-org40afc36\" class=\"outline-3\">\n<h3 id=\"org40afc36\"><span class=\"section-number-3\">4.2.<\/span> Azure<\/h3>\n<div class=\"outline-text-3\" id=\"text-4-2\">\n<ul class=\"org-ul\">\n<li><b>Plattform<\/b>: Integriert Azure OpenAI-Modelle auf virtuellen Azure-Maschinen.<\/li>\n<li><b>Hauptvorteil<\/b>: Bindet direkt an Microsoft LLM Services f\u00fcr m\u00fchelose Kompatibilit\u00e4t.<\/li>\n<li><b>Am besten f\u00fcr<\/b>: Unternehmen, die Azure nutzen und eine Chat-Client-Einrichtung in ihrer bestehenden Cloud-Umgebung f\u00fcr koh\u00e4sive Integration suchen.<\/li>\n<\/ul>\n<div id=\"orge77c68b\" class=\"figure\">\n<p><img decoding=\"async\" src=\"https:\/\/anwi.gmbh\/wp-content\/uploads\/2025\/06\/azure-architecture-1.png\" alt=\"azure-architecture.png\" \/> <\/p>\n<p><span class=\"figure-number\">Figure 4: <\/span>Azure-Architektur mit OpenAI-Modell-Integration, die koh\u00e4sive Kompatibilit\u00e4t mit Microsoft-Services f\u00fcr Private AI bietet.<\/p>\n<\/p><\/div>\n<\/div>\n<\/div>\n<div id=\"outline-container-orge97d697\" class=\"outline-3\">\n<h3 id=\"orge97d697\"><span class=\"section-number-3\">4.3.<\/span> Google Cloud<\/h3>\n<div class=\"outline-text-3\" id=\"text-4-3\">\n<ul class=\"org-ul\">\n<li><b>Plattform<\/b>: Nutzt Google Cloud AI-Modelle (z.B. Gemini) auf GCP-Instanzen.<\/li>\n<li><b>Hauptvorteil<\/b>: Bietet Zugang zu einem einzigartigen KI-\u00d6kosystem f\u00fcr innovative Kommunikationsl\u00f6sungen.<\/li>\n<li><b>Am besten f\u00fcr<\/b>: Unternehmen, die in Google Cloud investiert sind und ihre Operationen mit einer Chat-Client-Einrichtung in ihrer bestehenden Cloud-Umgebung verbessern m\u00f6chten.<\/li>\n<\/ul>\n<\/div>\n<\/div>\n<div id=\"outline-container-org7e595ad\" class=\"outline-3\">\n<h3 id=\"org7e595ad\"><span class=\"section-number-3\">4.4.<\/span> On-Premise<\/h3>\n<div class=\"outline-text-3\" id=\"text-4-4\">\n<ul class=\"org-ul\">\n<li><b>Plattform<\/b>: Verwendet lokale Ollama-Modelle auf Ihrer eigenen Hardware.<\/li>\n<li><b>Hauptvorteil<\/b>: Priorisiert maximalen Datenschutz und Kontrolle, indem alle Daten in Ihrer Umgebung bleiben.<\/li>\n<li><b>Am besten f\u00fcr<\/b>: Organisationen mit strengen Datensicherheitsanforderungen, die eine vollst\u00e4ndig selbst gehostete L\u00f6sung ben\u00f6tigen.<\/li>\n<\/ul>\n<p> Jede Bereitstellungsoption stellt sicher, dass Private AI sich an Ihre Gesch\u00e4ftsanforderungen anpasst und einen ma\u00dfgeschneiderten Ansatz f\u00fcr sichere Kommunikation bietet. Ob Sie Cloud-Integration oder lokale Kontrolle priorisieren, wir haben eine passende L\u00f6sung. <\/p>\n<\/div>\n<\/div>\n<\/div>\n<div id=\"outline-container-org8d88d67\" class=\"outline-2\">\n<h2 id=\"org8d88d67\"><span class=\"section-number-2\">5.<\/span> Zentrale Vorteile<\/h2>\n<div class=\"outline-text-2\" id=\"text-5\">\n<p> Die <i>Private AI Chat-L\u00f6sung<\/i> liefert erheblichen Gesch\u00e4ftswert durch einen datenschutzorientierten Ansatz. Hauptvorteile umfassen: <\/p>\n<ul class=\"org-ul\">\n<li><b>Datenschutz<\/b>: Behalten Sie die vollst\u00e4ndige Kontrolle \u00fcber Ihre Daten mit einer sicheren, selbst gehosteten L\u00f6sung, die gew\u00e4hrleistet, dass sensible Kommunikation in Ihrer Infrastruktur bleibt.<\/li>\n<li><b>Flexibilit\u00e4t<\/b>: W\u00e4hlen Sie aus mehreren Bereitstellungsoptionen, um Ihre bestehenden Systeme zu erg\u00e4nzen, ob cloud-basiert oder on-premise.<\/li>\n<li><b>Skalierbarkeit<\/b>: Beginnen Sie mit einer Pilotgruppe und folgen Sie einem klaren Pfad zur Unternehmenserweiterung, indem Sie Private AI in Ihrem eigenen Tempo einf\u00fchren.<\/li>\n<li><b>Kosteneffizienz<\/b>: Profitieren Sie von ma\u00dfgeschneiderten Bereitstellungen, die unn\u00f6tige Ausgaben minimieren und sich auf das konzentrieren, was Ihr Unternehmen wirklich braucht.<\/li>\n<\/ul>\n<p> Diese Vorteile adressieren kritische Managementpriorit\u00e4ten und stellen sicher, dass Private AI nicht nur die Kommunikation verbessert, sondern auch Ihre breiteren operativen Ziele unterst\u00fctzt. <\/p>\n<\/div>\n<\/div>\n<div id=\"outline-container-org54c2210\" class=\"outline-2\">\n<h2 id=\"org54c2210\"><span class=\"section-number-2\">6.<\/span> \u00dcberlegungen zur Bereitstellung<\/h2>\n<div class=\"outline-text-2\" id=\"text-6\">\n<p> Die Bereitstellung von Private AI f\u00fcr Ihre Pilotgruppe ist unkompliziert, mit minimalen logistischen Anforderungen. Wichtige \u00dcberlegungen umfassen: <\/p>\n<ul class=\"org-ul\">\n<li><b>Zugriffsbed\u00fcrfnisse<\/b>: F\u00fcr Cloud-Optionen (AWS, Azure, Google Cloud) stellen Sie grundlegenden Infrastrukturzugang zur Verf\u00fcgung, um die Einrichtung zu erleichtern. F\u00fcr On-Premise-Bereitstellungen stellen Sie sicher, dass die Hardware minimale Spezifikationen erf\u00fcllt (Details werden bei Beauftragung bereitgestellt).<\/li>\n<li><b>Support<\/b>: Unser Team \u00fcbernimmt die Pilot-Einrichtung und bietet Anleitung f\u00fcr potenzielle Unternehmenseinf\u00fchrung, um einen reibungslosen \u00dcbergang zu gew\u00e4hrleisten.<\/li>\n<li><b>Bereitschaft<\/b>: Der Fokus liegt auf logistischer Vorbereitung statt technischer Komplexit\u00e4t, was die Bereitstellung f\u00fcr nicht-technische Teams erleichtert.<\/li>\n<\/ul>\n<p> Unser Ziel ist es, Vertrauen in den Bereitstellungsprozess zu schaffen und sicherzustellen, dass Ihre Organisation optimal auf die Einf\u00fchrung von Private AI vorbereitet ist. <\/p>\n<\/div>\n<\/div>\n<div id=\"outline-container-orgae8c2b8\" class=\"outline-2\">\n<h2 id=\"orgae8c2b8\"><span class=\"section-number-2\">7.<\/span> Starten Sie jetzt<\/h2>\n<div class=\"outline-text-2\" id=\"text-7\">\n<p> Starten Sie heute ein Pilotprojekt mit Private AI und erleben Sie sofortigen Mehrwert durch sichere, skalierbare KI-Nutzung. Beginnen Sie mit einer Pilotgruppe von 5-30 Benutzern, um die Vorteile aus erster Hand zu erleben. W\u00e4hlen Sie unser Standard-Paketangebot f\u00fcr nur 699,- \u20ac, oder kontaktieren Sie uns f\u00fcr eine ma\u00dfgeschneiderte L\u00f6sung f\u00fcr 1200,- \u20ac pro Tag. Melden Sie sich jetzt, um Ihre Anforderungen zu besprechen und Ihre Einrichtung f\u00fcr eine schnelle Umsetzung zu diskutieren. Setzen Sie mit Private AI auf eine interne KI-Nutzung, die h\u00f6chste Anspr\u00fcche an Datenschutz und Kontrolle erf\u00fcllt. <\/p>\n<p> <b>Kontaktieren Sie uns heute, um zu beginnen!<\/b> <\/p>\n<ul class=\"org-ul\">\n<li>E-Mail: <a href=\"mailto:info@anwi.gmbh\">info@anwi.gmbh<\/a><\/li>\n<li>Website: <a href=\"https:\/\/anwi.gmbh\">https:\/\/anwi.gmbh<\/a><\/li>\n<\/ul>\n<td><a class=\"fasc-button fasc-size-large fasc-type-flat fasc-ico-before dashicons-email-alt\" style=\"background-color: #33809e; color: #ffffff;\" href=\"mailto:info@anwi.gmbh?subject=Private-AI Chat Solution&amp;body=Hallo, ich interessiere mich f\u00fcr die Private-AI Chat-L\u00f6sung. Bitte kontaktieren Sie mich f\u00fcr weitere Informationen.\">E-Mail-Anfrage f\u00fcr die &#8222;Private-AI Chat-L\u00f6sung&#8220;<\/a><\/td>\n<\/div>\n<\/div>\n<div id=\"outline-container-org861078a\" class=\"outline-2\">\n<h2 id=\"org861078a\"><span class=\"section-number-2\">8.<\/span> Ressourcen und Links<\/h2>\n<div class=\"outline-text-2\" id=\"text-8\">\n<p> F\u00fcr weitere Informationen \u00fcber die Technologie und das Framework hinter der <i>Private AI Chat-L\u00f6sung<\/i> erkunden Sie die folgenden Ressourcen: <\/p>\n<ul class=\"org-ul\">\n<li><b>LibreChat Offizielle Website<\/b>: <a href=\"https:\/\/www.librechat.ai\/\">https:\/\/www.librechat.ai\/<\/a><\/li>\n<li><b>Private AI Projekt-Repository<\/b>: <a href=\"https:\/\/github.com\/andreaswittmann\/private-ai\">https:\/\/github.com\/andreaswittmann\/private-ai<\/a><\/li>\n<li><b>Private AI Blog-Beitrag<\/b>: <a href=\"https:\/\/anwi.gmbh\/?p=1027&amp;lang=de\">https:\/\/anwi.gmbh\/?p=1027&amp;lang=de<\/a><\/li>\n<\/ul>\n<\/div>\n<\/div>\n","protected":false},"excerpt":{"rendered":"<p>Dieses Dokument stellt die &#8222;Private AI Chat-L\u00f6sung&#8220; vor, eine sichere KI-Kommunikationsplattform f\u00fcr Unternehmen. Sie bietet ma\u00dfgeschneiderte kommerzielle Pakete f\u00fcr Pilotprojekte mit 5-30 Benutzern, mit flexibler Bereitstellung in Ihrer bestehenden Cloud- oder On-Premise-Umgebung. W\u00e4hlen Sie aus gestaffelten Angeboten: kostenlos, 699,- \u20ac pro Installation oder 1200,- \u20ac pro Tag f\u00fcr angepasste Setups, die Datenschutz und Skalierbarkeit gew\u00e4hrleisten. &hellip; <a href=\"https:\/\/anwi.gmbh\/?page_id=1156&#038;lang=de\" class=\"more-link\"><span class=\"screen-reader-text\">\u201ePrivate AI Chat-L\u00f6sung: Sichere KI-Kommunikation f\u00fcr Ihr Unternehmen\u201c<\/span> weiterlesen<\/a><\/p>\n","protected":false},"author":1,"featured_media":0,"parent":0,"menu_order":0,"comment_status":"closed","ping_status":"closed","template":"","meta":{"ngg_post_thumbnail":0,"footnotes":""},"class_list":["post-1156","page","type-page","status-publish","hentry"],"_links":{"self":[{"href":"https:\/\/anwi.gmbh\/index.php?rest_route=\/wp\/v2\/pages\/1156","targetHints":{"allow":["GET"]}}],"collection":[{"href":"https:\/\/anwi.gmbh\/index.php?rest_route=\/wp\/v2\/pages"}],"about":[{"href":"https:\/\/anwi.gmbh\/index.php?rest_route=\/wp\/v2\/types\/page"}],"author":[{"embeddable":true,"href":"https:\/\/anwi.gmbh\/index.php?rest_route=\/wp\/v2\/users\/1"}],"replies":[{"embeddable":true,"href":"https:\/\/anwi.gmbh\/index.php?rest_route=%2Fwp%2Fv2%2Fcomments&post=1156"}],"version-history":[{"count":9,"href":"https:\/\/anwi.gmbh\/index.php?rest_route=\/wp\/v2\/pages\/1156\/revisions"}],"predecessor-version":[{"id":1248,"href":"https:\/\/anwi.gmbh\/index.php?rest_route=\/wp\/v2\/pages\/1156\/revisions\/1248"}],"wp:attachment":[{"href":"https:\/\/anwi.gmbh\/index.php?rest_route=%2Fwp%2Fv2%2Fmedia&parent=1156"}],"curies":[{"name":"wp","href":"https:\/\/api.w.org\/{rel}","templated":true}]}}