{"id":2,"date":"2014-11-21T04:51:49","date_gmt":"2014-11-21T04:51:49","guid":{"rendered":"http:\/\/localhost\/wordpress-4.0.1\/wordpress\/?page_id=2"},"modified":"2025-11-11T18:01:01","modified_gmt":"2025-11-11T18:01:01","slug":"sample-page","status":"publish","type":"page","link":"https:\/\/anwi.gmbh\/?page_id=2&lang=de","title":{"rendered":""},"content":{"rendered":"<div style=\"border: 3px solid #FFBE00; background: linear-gradient(135deg, #ffffff 0%, #fffef8 100%); padding: 25px; margin-bottom: 5px; font-family: sans-serif; border-radius: 12px; box-shadow: 0 8px 25px rgba(255, 190, 0, 0.3), 0 4px 10px rgba(0, 0, 0, 0.1); position: relative; overflow: hidden; transition: all 0.3s ease;\">\n<p style=\"font-size: 1.4em; font-weight: bold; color: #c40000; margin: 0 0 8px 0; text-transform: uppercase; letter-spacing: 1px; text-shadow: 0 1px 2px rgba(0,0,0,0.1);\">\u2728 Aktuellee Angebote \u2728<\/p>\n<p style=\"color: #1a1a1a; font-size: 1.3em; margin: 0 0 12px 0; font-weight: 600; line-height: 1.4; text-shadow: 0 1px 1px rgba(0,0,0,0.05);\"><a style=\"color: #1a1a1a; text-decoration: none;\" href=\"https:\/\/anwi.gmbh\/?page_id=1302&amp;lang=de\">Private AI Agent L\u00f6sung \u2013 Knowledge Base, Chat und Workflow-Automation<\/a><\/p>\n<p style=\"color: #1a1a1a; font-size: 1.3em; margin: 0; font-weight: 600; line-height: 1.4; text-shadow: 0 1px 1px rgba(0,0,0,0.05);\"><a style=\"color: #1a1a1a; text-decoration: none;\" href=\"https:\/\/anwi.gmbh\/?page_id=1156&amp;lang=de\">Private AI Chat-L\u00f6sung \u2013 Sichere KI-Kommunikation f\u00fcr Ihr Unternehmen<\/a><\/p>\n<\/div>\n<p>&nbsp;<\/p>\n<blockquote><p>&#8222;K\u00fcnstliche Intelligenz wird entweder das Beste oder das Schlimmste sein, was der Menschheit je passiert ist.&#8220; &#8211; Stephen Hawking(1942-2018)<\/p><\/blockquote>\n<p><span style=\"font-size: 14pt;\"><a href=\"https:\/\/anwi.gmbh\/wp-content\/uploads\/2025\/07\/2025-07-17_10-59-30.png\"><img loading=\"lazy\" decoding=\"async\" class=\"wp-image-1243 alignright\" src=\"https:\/\/anwi.gmbh\/wp-content\/uploads\/2025\/07\/2025-07-17_10-59-30.png\" alt=\"\" width=\"434\" height=\"518\" srcset=\"https:\/\/anwi.gmbh\/wp-content\/uploads\/2025\/07\/2025-07-17_10-59-30.png 2558w, https:\/\/anwi.gmbh\/wp-content\/uploads\/2025\/07\/2025-07-17_10-59-30-252x300.png 252w, https:\/\/anwi.gmbh\/wp-content\/uploads\/2025\/07\/2025-07-17_10-59-30-859x1024.png 859w, https:\/\/anwi.gmbh\/wp-content\/uploads\/2025\/07\/2025-07-17_10-59-30-768x915.png 768w, https:\/\/anwi.gmbh\/wp-content\/uploads\/2025\/07\/2025-07-17_10-59-30-1289x1536.png 1289w, https:\/\/anwi.gmbh\/wp-content\/uploads\/2025\/07\/2025-07-17_10-59-30-1719x2048.png 1719w, https:\/\/anwi.gmbh\/wp-content\/uploads\/2025\/07\/2025-07-17_10-59-30-1200x1430.png 1200w\" sizes=\"auto, (max-width: 434px) 85vw, 434px\" \/><\/a>Mit <strong>30 Jahren IT-Erfahrung<\/strong> verf\u00fcge ich \u00fcber fundierte Expertise in Konzeption, Architektur und Umsetzung komplexer IT-L\u00f6sungen. In meiner Laufbahn habe ich Projekte von der Planung bis zur Produktion begleitet und in anspruchsvollen Umgebungen klare, effiziente L\u00f6sungen entwickelt.<\/span><\/p>\n<p><span style=\"font-size: 14pt;\">Meine Arbeit ist von <strong>Klarheit, Fokus und Ruhe<\/strong> gepr\u00e4gt \u2013 Prinzipien, die helfen, auch bei komplexen Herausforderungen den \u00dcberblick zu bewahren und zuverl\u00e4ssige IT-L\u00f6sungen zu entwickeln. Zudem f\u00f6rdere ich eine <strong>achtsame Arbeitsweise<\/strong> als zertifizierter Trainer f\u00fcr das Programm \u201e<a href=\"https:\/\/anwi.gmbh\/?page_id=365&amp;lang=de\">Cultivating Emotional Balance<\/a>\u201c, das ich auf IT-Umgebungen adaptiert habe. Mein technischer Schwerpunkt hat sich im Laufe der Jahre von Java-Enterprise- und Middleware-L\u00f6sungen hin zu modernen Cloud-Technologien verlagert. Durch den gezielten <strong>Einsatz von KI-Methoden<\/strong> setze ich IT-L\u00f6sungen effizient und zielgerichtet um.<\/span><\/p>\n<p><span style=\"font-size: 14pt;\"><a href=\"https:\/\/anwi.gmbh\/wp-content\/uploads\/2025\/01\/img_679a894df1208.png\"><img loading=\"lazy\" decoding=\"async\" class=\"alignleft wp-image-934\" src=\"https:\/\/anwi.gmbh\/wp-content\/uploads\/2025\/01\/img_679a894df1208.png\" alt=\"\" width=\"350\" height=\"517\" srcset=\"https:\/\/anwi.gmbh\/wp-content\/uploads\/2025\/01\/img_679a894df1208.png 1280w, https:\/\/anwi.gmbh\/wp-content\/uploads\/2025\/01\/img_679a894df1208-203x300.png 203w, https:\/\/anwi.gmbh\/wp-content\/uploads\/2025\/01\/img_679a894df1208-693x1024.png 693w, https:\/\/anwi.gmbh\/wp-content\/uploads\/2025\/01\/img_679a894df1208-768x1135.png 768w, https:\/\/anwi.gmbh\/wp-content\/uploads\/2025\/01\/img_679a894df1208-1039x1536.png 1039w, https:\/\/anwi.gmbh\/wp-content\/uploads\/2025\/01\/img_679a894df1208-1200x1774.png 1200w\" sizes=\"auto, (max-width: 350px) 85vw, 350px\" \/><\/a>Kontinuierliche Weiterbildung garantiert, dass ich stets L\u00f6sungen entwickle, die fachlich und technologisch auf dem neuesten Stand sind. Meine Expertise umfasst zahlreiche <strong>Zertifizierungen<\/strong>, darunter <em>AWS Certified Solutions Architect Professional<\/em> sowie <em>Certifi<\/em><em>ed Terraform Associate<\/em>, <em>Kubernetes and Cloud Native Associate (KCNA) und GitHub Copilot Certification.<\/em><\/span><\/p>\n<p><span style=\"font-size: 14pt;\">In meiner Rolle als Berater und Architekt biete ich ma\u00dfgeschneiderte IT-L\u00f6sungen, die sowohl in <strong>Java-Enterprise- <\/strong>als auch in<strong> Cloud-Umgebungen<\/strong> hohe Verf\u00fcgbarkeit und Skalierbarkeit gew\u00e4hrleisten. Damit unterst\u00fctze ich Unternehmen, die Herausforderungen einer modernen IT-Landschaft effizient zu meistern.<\/span><\/p>\n<p>&nbsp;<\/p>\n<div style=\"display: flex; flex-wrap: wrap; gap: 1px; justify-content: center; overflow-x: auto;\"><a style=\"flex: 1 1 100px; max-width: 100px;\" href=\"https:\/\/www.credly.com\/badges\/35ca7052-e1ba-4b32-b2ea-0a07238c20ae\/public_url\" target=\"_blank\" rel=\"noopener\"><br \/>\n<img decoding=\"async\" style=\"width: 100%; height: auto;\" src=\"https:\/\/anwi.gmbh\/wp-content\/uploads\/2025\/01\/aws-certified-cloud-practitioner-3.png\" alt=\"\"><br \/>\n<\/a><br \/>\n<a style=\"flex: 1 1 100px; max-width: 100px;\" href=\"https:\/\/www.credly.com\/badges\/d2c9e770-ab93-4199-a51c-009d5c0dbe5e\/public_url\" target=\"_blank\" rel=\"noopener\"><br \/>\n<img decoding=\"async\" style=\"width: 100%; height: auto;\" src=\"https:\/\/anwi.gmbh\/wp-content\/uploads\/2025\/03\/aws-certified-ai-practitioner.png\" alt=\"\"><br \/>\n<\/a><br \/>\n<a style=\"flex: 1 1 100px; max-width: 100px;\" href=\"https:\/\/www.credly.com\/badges\/9eb45289-13aa-4b60-a9ee-48d1812d03a9\/public_url\" target=\"_blank\" rel=\"noopener\"><br \/>\n<img decoding=\"async\" style=\"width: 100%; height: auto;\" src=\"https:\/\/anwi.gmbh\/wp-content\/uploads\/2025\/01\/aws-certified-solutions-architect-associate-2.png\" alt=\"\"><br \/>\n<\/a><br \/>\n<a style=\"flex: 1 1 100px; max-width: 100px;\" href=\"https:\/\/www.credly.com\/badges\/e5e710f6-2250-4618-989a-3f6ea48c2f53\/public_url\" target=\"_blank\" rel=\"noopener\"><br \/>\n<img decoding=\"async\" style=\"width: 100%; height: auto;\" src=\"https:\/\/anwi.gmbh\/wp-content\/uploads\/2025\/01\/aws-certified-developer-associate-2.png\" alt=\"\"><br \/>\n<\/a><br \/>\n<a style=\"flex: 1 1 100px; max-width: 100px;\" href=\"https:\/\/www.credly.com\/badges\/ba443996-dded-490c-a69f-c62602f7ce65\/public_url\" target=\"_blank\" rel=\"noopener\"><br \/>\n<img decoding=\"async\" style=\"width: 100%; height: auto;\" src=\"https:\/\/anwi.gmbh\/wp-content\/uploads\/2025\/01\/aws-certified-sysops-administrator-associate-4.png\" alt=\"\"><br \/>\n<\/a><br \/>\n<a style=\"flex: 1 1 100px; max-width: 100px;\" href=\"https:\/\/www.credly.com\/badges\/6434658c-4f07-44b6-a7f9-7159f2964828\/public_url\" target=\"_blank\" rel=\"noopener\"><br \/>\n<img decoding=\"async\" style=\"width: 100%; height: auto;\" src=\"https:\/\/anwi.gmbh\/wp-content\/uploads\/2025\/01\/aws-certified-solutions-architect-professional-2.png\" alt=\"\"><br \/>\n<\/a><br \/>\n<a style=\"flex: 1 1 100px; max-width: 100px;\" href=\"https:\/\/www.credly.com\/badges\/6e3516f1-f97c-4e0f-9778-35428d239a84\/public_url\" target=\"_blank\" rel=\"noopener\"><br \/>\n<img decoding=\"async\" style=\"width: 100%; height: auto;\" src=\"https:\/\/anwi.gmbh\/wp-content\/uploads\/2025\/01\/hashicorp-certified-terraform-associate-003-2.png\" alt=\"\"><br \/>\n<\/a><br \/>\n<a style=\"flex: 1 1 100px; max-width: 100px;\" href=\"https:\/\/www.credly.com\/badges\/0f783eb6-cba0-44fb-89d5-e4ddf6105eb1\/public_url\" target=\"_blank\" rel=\"noopener\"><br \/>\n<img decoding=\"async\" style=\"width: 100%; height: auto;\" src=\"https:\/\/anwi.gmbh\/wp-content\/uploads\/2025\/01\/kcna-kubernetes-and-cloud-native-associate-2.png\" alt=\"\"><br \/>\n<\/a><br \/>\n<a style=\"flex: 1 1 100px; max-width: 100px;\" href=\"https:\/\/www.credly.com\/badges\/09c0ddd0-fe75-4af1-b0de-595da1d25b85\/public_url\" target=\"_blank\" rel=\"noopener\"><br \/>\n<img decoding=\"async\" style=\"width: 100%; height: auto;\" src=\"https:\/\/anwi.gmbh\/wp-content\/uploads\/2025\/01\/github-copilot-2.png\" alt=\"\"><br \/>\n<\/a><br \/>\n<a style=\"flex: 1 1 110px; max-width: 110px;\" href=\"https:\/\/www.credly.com\/badges\/455fb206-c89c-4f16-a305-f34eaa9d45fb\/public_url\" target=\"_blank\" rel=\"noopener\"><br \/>\n<img decoding=\"async\" class=\"\" style=\"width: 100%; height: auto;\" src=\"https:\/\/anwi.gmbh\/wp-content\/uploads\/2025\/03\/aws-certified-ai-practitioner-early-adopter.png\" alt=\"\"><br \/>\n<\/a><\/div>\n","protected":false},"excerpt":{"rendered":"<p>\u2728 Aktuellee Angebote \u2728 Private AI Agent L\u00f6sung \u2013 Knowledge Base, Chat und Workflow-Automation Private AI Chat-L\u00f6sung \u2013 Sichere KI-Kommunikation f\u00fcr Ihr Unternehmen &nbsp; &#8222;K\u00fcnstliche Intelligenz wird entweder das Beste oder das Schlimmste sein, was der Menschheit je passiert ist.&#8220; &#8211; Stephen Hawking(1942-2018) Mit 30 Jahren IT-Erfahrung verf\u00fcge ich \u00fcber fundierte Expertise in Konzeption, Architektur &hellip; <a href=\"https:\/\/anwi.gmbh\/?page_id=2&#038;lang=de\" class=\"more-link\"><span class=\"screen-reader-text\">\u201e\u201c<\/span> weiterlesen<\/a><\/p>\n","protected":false},"author":1,"featured_media":0,"parent":0,"menu_order":0,"comment_status":"closed","ping_status":"closed","template":"","meta":{"ngg_post_thumbnail":0,"footnotes":""},"class_list":["post-2","page","type-page","status-publish","hentry"],"_links":{"self":[{"href":"https:\/\/anwi.gmbh\/index.php?rest_route=\/wp\/v2\/pages\/2","targetHints":{"allow":["GET"]}}],"collection":[{"href":"https:\/\/anwi.gmbh\/index.php?rest_route=\/wp\/v2\/pages"}],"about":[{"href":"https:\/\/anwi.gmbh\/index.php?rest_route=\/wp\/v2\/types\/page"}],"author":[{"embeddable":true,"href":"https:\/\/anwi.gmbh\/index.php?rest_route=\/wp\/v2\/users\/1"}],"replies":[{"embeddable":true,"href":"https:\/\/anwi.gmbh\/index.php?rest_route=%2Fwp%2Fv2%2Fcomments&post=2"}],"version-history":[{"count":27,"href":"https:\/\/anwi.gmbh\/index.php?rest_route=\/wp\/v2\/pages\/2\/revisions"}],"predecessor-version":[{"id":1324,"href":"https:\/\/anwi.gmbh\/index.php?rest_route=\/wp\/v2\/pages\/2\/revisions\/1324"}],"wp:attachment":[{"href":"https:\/\/anwi.gmbh\/index.php?rest_route=%2Fwp%2Fv2%2Fmedia&parent=2"}],"curies":[{"name":"wp","href":"https:\/\/api.w.org\/{rel}","templated":true}]}}