{"id":373,"date":"2018-02-11T14:11:09","date_gmt":"2018-02-11T14:11:09","guid":{"rendered":"http:\/\/anwi.gmbh\/?page_id=373"},"modified":"2018-06-03T14:03:36","modified_gmt":"2018-06-03T14:03:36","slug":"ceb-probelauf","status":"publish","type":"page","link":"https:\/\/anwi.gmbh\/?page_id=373&lang=de","title":{"rendered":"CEB Einf\u00fchrungskurs"},"content":{"rendered":"<hr>\n<p><span style=\"font-size: 14pt; font-family: 'arial black', sans-serif; color: #ff0000;\"><strong>Der Einf\u00fchrungskurs ist am 25.03.2018 erfolgreich abgeschlossen worden. Hier ist ein Auszug aus den Teilnehmerr\u00fcckmeldungen:<\/strong><\/span><\/p>\n<p><strong><em>&#8222;Das CEB Training fand ich insgesamt sehr hilfreich und ich konnte vieles davon in den Alltag \u00fcbernehmen: Am besten haben mir die Meditationen unter Anleitung gefallen.&#8220;<\/em><\/strong><\/p>\n<p><em><strong>&#8222;Die freundliche und verst\u00e4ndnisvolle Art des Trainers schaffte eine entspannte und lockere Atmosph\u00e4re in der ich mich sehr wohl gef\u00fchlt habe. F\u00fcr die pers\u00f6nliche Weiterentwicklung kann ich dieses Training sehr empfehlen.&#8220;<\/strong><\/em><\/p>\n<p><strong><em>&#8222;Ein interessanter Aspekt des Kurses war, mehr \u00fcber die 7 Hauptemotionen zu lernen. Wie wird eine Emotion aufgebaut, wie erkennt man sie (bei sich und anderen) und wie f\u00fchlen sie sich an. Aber auch, wo kann ich mit Hilfe des Achtsamkeitstrainings ansetzen, um eine Emotion nicht unkontrolliert ausbrechen zu lassen.&#8220;<\/em><\/strong><\/p>\n<p><strong><em>&#8222;Ich wusste, dass w\u00e4hrend des Programms viel meditiert wird. Neu war mir, wie viele verschiedene Arten der Meditation es gibt und dass sie alle mit einer besonderen Absicht verkn\u00fcpft sind.&#8220;<\/em><\/strong><\/p>\n<p><strong><em>&#8222;Die Stimmung w\u00e4hrend der Kurstage war von sehr viel Ruhe und Klarheit gepr\u00e4gt \u2013 es herrschte eine achtsame Atmosph\u00e4re auch unter den Teilnehmern. Es gab einen sehr sch\u00f6nen Mix aus Infos, \u00dcbungen und Meditationen, sodass die Zeit schnell verging.&#8220;<\/em><\/strong><\/p>\n<p><strong><em>&#8222;Mich pers\u00f6nlich hat der Kurs durchaus dazu inspiriert, t\u00e4glich zu meditieren. Es bringt mich mehr zur Ruhe und in meine eigene Mitte. Selbst an Tagen, an denen ich manchmal nicht so viel Zeit habe, ist es mir inzwischen wichtig zumindest 1-2x 10-15 Minuten mich hinzusetzen und zu meditieren, da es insgesamt sehr viele positive Effekte auf mein Leben und auf meine Gesundheit hat.&#8220;<\/em><\/strong><\/p>\n<hr>\n<p id=\"RAuDJOA\">&nbsp;&#8222;Cultivating Emotional Balance&#8220; ist ein Trainingsprogramm um ein gr\u00f6\u00dferes emotionales Bewusstsein und Gleichgewicht zu erreichen. Es integriert Ans\u00e4tze aus der westlichen Psychologie und \u00f6stlichen kontemplativen Praktiken, insbesondere der Meditation. Im Kurs wird dieses Wissen im Vortragsstil vermittelt und in praktischen \u00dcbungen erlernt. Der Kurs schaft die Grundlage um eine eigene t\u00e4gliche Meditationspraxis zu entwickeln und mit ihrer tranformativen Kraft ein gl\u00fccklicheres und erf\u00fcllteres Leben zu f\u00fchren.&nbsp; Zu den wissenschaftlich nachgewiesenen Effekten geh\u00f6ren eine signifikante Abnahme von Depressionen, \u00c4ngsten und Feindseligkeiten und eine verbesserte Widerstandsf\u00e4higkeit gegen psychischen und emotionalen Stress. Das CEB ist in unterschiedlichen Umgebungen anwendbar, z.B. in Krankenh\u00e4usern, Schulen, Dharma-Zentren, Universit\u00e4ten, Polizei, etc. Im IT-Umfeld kann es helfen die Zusammenarbeit innerhalb von Projekten zu verbessern und die Gr\u00e4ben zwischen Abteilungen zu \u00fcberwinden.<\/p>\n<figure id=\"attachment_476\" aria-describedby=\"caption-attachment-476\" style=\"width: 300px\" class=\"wp-caption alignleft\"><a href=\"https:\/\/anwi.gmbh\/wp-content\/uploads\/2018\/02\/img_5a81818f0d0e5.png\"><img loading=\"lazy\" decoding=\"async\" class=\"size-medium wp-image-476\" src=\"https:\/\/anwi.gmbh\/wp-content\/uploads\/2018\/02\/img_5a81818f0d0e5-300x86.png\" alt=\"\" width=\"300\" height=\"86\" srcset=\"https:\/\/anwi.gmbh\/wp-content\/uploads\/2018\/02\/img_5a81818f0d0e5-300x86.png 300w, https:\/\/anwi.gmbh\/wp-content\/uploads\/2018\/02\/img_5a81818f0d0e5-768x221.png 768w, https:\/\/anwi.gmbh\/wp-content\/uploads\/2018\/02\/img_5a81818f0d0e5.png 992w\" sizes=\"auto, (max-width: 300px) 85vw, 300px\" \/><\/a><figcaption id=\"caption-attachment-476\" class=\"wp-caption-text\">Das Lama Tsonkapa Institut in Pomaia, Italien.<\/figcaption><\/figure>\n<p>Im Sommer 2017 habe ich in Pomaia in Italien an einem f\u00fcnfw\u00f6chigen Kurs zur Ausbidlung von CEB Trainern teilgenommen und die <a href=\"https:\/\/anwi.gmbh\/ceb\/AndreasWittmann_certificate.pdf\" target=\"_blank\">Qualifikation<\/a> zum lehren dieses Programms erworben. Um dieses Wissen allm\u00e4hlich in die Praxis umzusetzen, biete ich einen kostenlosen Einf\u00fchrungskurs an, der w\u00f6chentlich an insgesamt 6 Terminen stattfindet.&nbsp; Der Kurs findet jeweils Sonntag von 10:30 bis 17 Uhr statt. Ich veranstalte diesen Kurs bei mir Zuhause und kann ihn f\u00fcr maximal 10 Teilnehmer und Teilnehmerinnen anbieten. Die Kursinhalte bauen aufeinander auf und es ist deshalb empfehlenswert an allen 6 Terminen teilzunehmen. Allerdings kann es f\u00fcr viele schwierig sein, 6 Sonntag in einer Reihe freizuhalten. Deshalb werde ich den Kurs&nbsp;so umgestalten, das man auch Termine auslassen kann. Ich werde dazu eine Wiederholungseinheit an den Anfang des Tages setzen, um die wichtigsten Voraussetzungen f\u00fcr die jeweilige Kurseinheit zu schaffen.<\/p>\n<h1>Auf einem Blick<\/h1>\n<table style=\"width: 542.719px;\">\n<caption><strong>Alle wichtigen Daten auf einem Blick:<\/strong><\/caption>\n<tbody>\n<tr style=\"height: 49px;\">\n<td style=\"width: 130px; height: 49px;\">Termine:<\/td>\n<td style=\"width: 255.719px; height: 49px;\">\n<ol>\n<li>Sonntag, 18.02.2018<\/li>\n<li>Sonntag, 24.02.2018<\/li>\n<li>Sonntag, 04.03.2018<\/li>\n<li>Sonntag, 11.03.2018<\/li>\n<li>Sonntag, 18.03.2018<\/li>\n<li>Sonntag, 25.03.2018<\/li>\n<\/ol>\n<\/td>\n<\/tr>\n<tr style=\"height: 80px;\">\n<td style=\"width: 130px; height: 80px;\">Ort:<\/td>\n<td style=\"width: 255.719px; height: 80px;\">Andreas Wittmann, Bansgraben 2a, 22459 Hamburg, (n\u00e4he&nbsp;U2 Joachim-M\u00e4hl-Strasse) Telefon: 0160 1900120<\/td>\n<\/tr>\n<tr style=\"height: 29px;\">\n<td style=\"width: 130px; height: 29px;\">Zeit:&nbsp;<\/td>\n<td style=\"width: 255.719px; height: 29px;\">Jeweils von 10:30 bis 17:00 Uhr<\/td>\n<\/tr>\n<tr style=\"height: 80px;\">\n<td style=\"width: 130px; height: 80px;\">Mitbringen:<\/td>\n<td style=\"width: 255.719px; height: 80px;\">Etwas zum Schreiben. Falls ihr ein Meditationskissen habt, dann bringt es bitte mit. Eine Yogamatte w\u00e4re auch gut f\u00fcr Meditation im liegen.<\/td>\n<\/tr>\n<tr style=\"height: 38px;\">\n<td style=\"width: 130px; height: 38px;\">Anmeldung:<\/td>\n<td style=\"width: 255.719px; height: 38px;\">&nbsp;<a href=\"https:\/\/doodle.com\/poll\/ftihdh3ku246ar9y\" target=\"_blank\">https:\/\/doodle.com\/poll\/ftihdh3ku246ar9y<\/a>&nbsp;(solange noch Pl\u00e4tze frei sind.)<\/td>\n<\/tr>\n<tr style=\"height: 38px;\">\n<td style=\"width: 130px; height: 38px;\">Kursmaterial:<\/td>\n<td style=\"width: 255.719px; height: 38px;\">Das Kursmaterial ist f\u00fcr Teilnehmer auf meinem Schulungsportal verf\u00fcgbar. Dazu ist eine Anmeldung mit eMail-Addresse erforderlich:&nbsp;<a href=\"http:\/\/ceb.moodlecloud.com\/\" target=\"_blank\">ceb.moodlecloud.com<\/a><\/td>\n<\/tr>\n<tr style=\"height: 38px;\">\n<td style=\"width: 130px; height: 38px;\">Meditationen<\/td>\n<td style=\"width: 255.719px; height: 38px;\">Die gef\u00fchrten Meditationen stehen in Form von Videodateien (mp4) zur Verf\u00fcgung:&nbsp;<a href=\"https:\/\/anwi.gmbh\/ceb\/meditation\" target=\"_blank\">https:\/\/anwi.gmbh\/ceb\/meditation<\/a>&nbsp;<\/td>\n<\/tr>\n<tr style=\"height: 38px;\">\n<td style=\"width: 130px; height: 38px;\">Weitere Infos<\/td>\n<td style=\"width: 255.719px; height: 38px;\">\n<ul>\n<li><a href=\"https:\/\/anwi.gmbh\/?page_id=371&amp;lang=de\">Was ist CEB?<\/a><\/li>\n<li><a href=\"http:\/\/cultivating-emotional-balance.org\/\" target=\"_blank\">Die CEB Website.<\/a><\/li>\n<\/ul>\n<\/td>\n<\/tr>\n<\/tbody>\n<\/table>\n<h1>H\u00e4ufige Fragen<\/h1>\n<p><strong>Wie ist der Anteil von Vortrag, \u00dcbung und Meditation?<\/strong> Das CEB Programm schl\u00e4gt ein Verh\u00e4ltnis von jeweils ein Drittel vor. Allerdings werden wir in den ersten Terminen etwas mehr Zeit f\u00fcr die Informationsbereitstellung ben\u00f6tigen, so das sich die Verh\u00e4ltnisse etwas verschieben k\u00f6nnen.<\/p>\n<p><strong>Wieviele Pausen gibt es?<\/strong> Es wird eine Mittagspause von einer Stunde geben, die allerdings auch f\u00fcr Achtsamkeits\u00fcbungen genutzt werden soll. Wir werden zwischen den Einheiten nach Bedarf kleine Pause einlegen.<\/p>\n<p><strong>Wie sieht es&nbsp;mit der Verpflegung aus?<\/strong>&nbsp;Die Teilnehmer werden gebeten, sich etwas zum Essen f\u00fcr die Mittagspause mitzubringen. Ich werde Getr\u00e4nke (Kaffee, Tee, Wasser, Saft) zur Verf\u00fcgung stellen.<\/p>\n<p><strong>Ich habe kein Meditationskissen oder Yogamatte. Was soll ich machen?<\/strong> Kein Problem, ich habe einiges an Kissen und Unterlagen hier. Nur bei 10 Teilnehmern wird mein Vorrat knapp, so das es gut ist wenn einige ihre eigenen Kissen und Matten mitbringen.<\/p>\n<p><strong>Wozu brauche ich eine Yogamatte?<\/strong> Wir wollen keine Yoga\u00fcbungen machen. Au\u00dfer eine: Savasana, auch als Leichenstellung bekannt. Wir wollen diese Haltung f\u00fcr einige Meditationen benutzen, bei denen es darauf ankommt, tiefe Entspannungszust\u00e4nde zu erreichen.<\/p>\n<p><strong>Welche Kleidung soll ich tragen?<\/strong> Es gibt keinen Dresscode, aber ist g\u00fcnstig, bequeme Kleidung zu tragen, mit der man in der Lage ist f\u00fcr ca. 25 Minuten mit gekreuzten Beinen auf dem Boden zu sitzen.&nbsp;<\/p>\n<h1>Kursinhalt<\/h1>\n<p>Der Kurs besteht aus 6 Einheiten mit folgenden Inhalt:<\/p>\n<table class=\" alignleft\" style=\"width: 797px;\">\n<tbody>\n<tr style=\"height: 26px;\">\n<td style=\"width: 90px; height: 26px;\">&nbsp;<\/td>\n<td style=\"width: 251.906px; height: 26px;\"><b>Training der&nbsp;<\/b><b>emotionalen<\/b>&nbsp;<b>F\u00e4higkeiten<\/b><\/td>\n<td style=\"width: 414.094px; height: 26px;\"><b>Kontemplatives<\/b><b>&nbsp;Training<\/b><\/td>\n<\/tr>\n<tr style=\"height: 169.463px;\">\n<td style=\"width: 90px; height: 169.463px;\">Einheit 1<\/td>\n<td style=\"width: 251.906px; height: 169.463px;\">Einf\u00fchrung in CEB<br \/>\nDer Zweck von CEB<br \/>\nEinf\u00fchrung in Emotionen:<br \/>\n&#8211; Kennzeichen von Emotionen<br \/>\n&#8211; Funktionen von Emotionen<\/td>\n<td style=\"width: 414.094px; height: 169.463px;\">Die vier Gleichgewichte.<br \/>\nEinf\u00fchrung in das Thema Achtsamkeit und Introspektion.<br \/>\nGef\u00fchrte Meditationen:<br \/>\n&#8211; Achtsamkeit auf den Atem (ganzer K\u00f6rper)<br \/>\n&#8211; Liebende G\u00fcte (4 Fragen )<\/td>\n<\/tr>\n<tr style=\"height: 53px;\">\n<td style=\"width: 90px; height: 53px;\">Einheit 2<\/td>\n<td style=\"width: 251.906px; height: 53px;\">&nbsp;Zeitverlauf einer Emotion;<\/td>\n<td style=\"width: 414.094px; height: 53px;\">Einf\u00fchrung in die Konzentration;<br \/>\nDie Bedeutung von Meditation;<br \/>\nEinf\u00fchrung in wache Klarheit;<br \/>\nGef\u00fchrte Meditation:<br \/>\n&#8211; Achtsamkeit auf den Atem (Stabilit\u00e4t);<br \/>\n&#8211; Liebende G\u00fcte (Genau wie ich. );<\/td>\n<\/tr>\n<tr style=\"height: 53px;\">\n<td style=\"width: 90px; height: 53px;\">Einheit 3<\/td>\n<td style=\"width: 251.906px; height: 53px;\">Werkzeuge f\u00fcr den Umgang mit Emotionen: RAIN.<br \/>\nSchulung emotionale Kompetenzen: \u00c4rger&nbsp;<\/td>\n<td style=\"width: 414.094px; height: 53px;\">&nbsp;Einf\u00fchrung in die Vier Anwendungen der Achtsamkeit.<br \/>\nTeil 1 in \u201cdas Bewusstsein in seinen nat\u00fcrlichen Zustand bringen\u201d.<br \/>\nEinf\u00fchrung in Mitgef\u00fchl.<br \/>\nGef\u00fchrte Meditationen:<br \/>\n&#8211; K\u00f6rper Scan<br \/>\n&#8211; Achtsamkeit auf den Atem (Klarheit)<br \/>\n&#8211; Mitgef\u00fchl<\/td>\n<\/tr>\n<tr style=\"height: 53px;\">\n<td style=\"width: 90px; height: 53px;\">Einheit 4<\/td>\n<td style=\"width: 251.906px; height: 53px;\">&nbsp;Schulung emotionale Kompetenzen:<br \/>\n&#8211; Trauer;<br \/>\n&#8211; erfreuende&nbsp;Emotionen.<\/td>\n<td style=\"width: 414.094px; height: 53px;\">&nbsp;Einf\u00fchrung in die Anwendung der Achtsamkeit auf die Empfindung.<br \/>\nTeil 2 \u00fcber \u201cdas Bewusstsein in seinen nat\u00fcrlichen Zustand bringen\u201d.<br \/>\nEinf\u00fchrung in Mitfreude.<br \/>\nGef\u00fchrte Meditationen:<br \/>\n&#8211; Achtsamkeit auf den Atem;<br \/>\n&#8211; Das Bewusstsein in seinen nat\u00fcrlichen Zustand bringen;<br \/>\n&#8211; Achtsamkeit auf die Empfindung;<br \/>\n&#8211; Mitfreude.<\/td>\n<\/tr>\n<tr style=\"height: 53px;\">\n<td style=\"width: 90px; height: 53px;\">Einheit 5<\/td>\n<td style=\"width: 251.906px; height: 53px;\">&nbsp;Schulung emotionale Kompetenzen:<br \/>\n&#8211; Angst und \u00dcberraschung;<br \/>\n&#8211; Ekel und Verachtung.<\/td>\n<td style=\"width: 414.094px; height: 53px;\">Einf\u00fchrung in die Anwendung der Achtsamkeit auf das Bewusstsein.<br \/>\nTeil 3 \u00fcber \u201cdas Bewusstsein in seinen nat\u00fcrlichen Zustand bringen\u201d.<br \/>\nEinf\u00fchrung in Gleichmut.<br \/>\nGef\u00fchrte Meditationen:<br \/>\n&#8211; Das Bewusstsein in seinen nat\u00fcrlichen Zustand bringen;<br \/>\n&#8211; Achtsamkeit auf das Bewusstsein;<br \/>\n&#8211; Gleichmut.<\/td>\n<\/tr>\n<tr style=\"height: 53px;\">\n<td style=\"width: 90px; height: 53px;\">Einheit 6<\/td>\n<td style=\"width: 251.906px; height: 53px;\">&nbsp;Vorstellung des Mikro-Expression-Training-Tool<br \/>\nErstellung konstruktiver Emotionsepisoden.<br \/>\nR\u00fcckkehr zur Erforschung echten Gl\u00fccks.<\/td>\n<td style=\"width: 414.094px; height: 53px;\">&nbsp;Einf\u00fchrung in die Anwendung der Achtsamkeit auf die Ph\u00e4nomene.<br \/>\nBeibehalten einer ausgeglichenen t\u00e4gl. Praxis.<br \/>\nBetrachtungen zu den vier Herzenstugenden.<br \/>\nGef\u00fchrte Meditationen:<br \/>\n&#8211; Das Bewusstsein in seinen nat\u00fcrlichen Zustand bringen;<br \/>\n&#8211; Achtsamkeit auf das Bewusstsein;<br \/>\n&#8211; Liebende G\u00fcte.<\/td>\n<\/tr>\n<\/tbody>\n<\/table>\n<p>&nbsp;<\/p>\n<p>&nbsp;<\/p>\n<p>&nbsp;<\/p>\n<p>&nbsp;<\/p>\n<p>&nbsp;<\/p>\n","protected":false},"excerpt":{"rendered":"<p>Der Einf\u00fchrungskurs ist am 25.03.2018 erfolgreich abgeschlossen worden. Hier ist ein Auszug aus den Teilnehmerr\u00fcckmeldungen: &#8222;Das CEB Training fand ich insgesamt sehr hilfreich und ich konnte vieles davon in den Alltag \u00fcbernehmen: Am besten haben mir die Meditationen unter Anleitung gefallen.&#8220; &#8222;Die freundliche und verst\u00e4ndnisvolle Art des Trainers schaffte eine entspannte und lockere Atmosph\u00e4re in &hellip; <a href=\"https:\/\/anwi.gmbh\/?page_id=373&#038;lang=de\" class=\"more-link\"><span class=\"screen-reader-text\">\u201eCEB Einf\u00fchrungskurs\u201c<\/span> weiterlesen<\/a><\/p>\n","protected":false},"author":1,"featured_media":0,"parent":365,"menu_order":0,"comment_status":"closed","ping_status":"closed","template":"","meta":{"ngg_post_thumbnail":0,"footnotes":""},"class_list":["post-373","page","type-page","status-publish","hentry"],"_links":{"self":[{"href":"https:\/\/anwi.gmbh\/index.php?rest_route=\/wp\/v2\/pages\/373","targetHints":{"allow":["GET"]}}],"collection":[{"href":"https:\/\/anwi.gmbh\/index.php?rest_route=\/wp\/v2\/pages"}],"about":[{"href":"https:\/\/anwi.gmbh\/index.php?rest_route=\/wp\/v2\/types\/page"}],"author":[{"embeddable":true,"href":"https:\/\/anwi.gmbh\/index.php?rest_route=\/wp\/v2\/users\/1"}],"replies":[{"embeddable":true,"href":"https:\/\/anwi.gmbh\/index.php?rest_route=%2Fwp%2Fv2%2Fcomments&post=373"}],"version-history":[{"count":50,"href":"https:\/\/anwi.gmbh\/index.php?rest_route=\/wp\/v2\/pages\/373\/revisions"}],"predecessor-version":[{"id":523,"href":"https:\/\/anwi.gmbh\/index.php?rest_route=\/wp\/v2\/pages\/373\/revisions\/523"}],"up":[{"embeddable":true,"href":"https:\/\/anwi.gmbh\/index.php?rest_route=\/wp\/v2\/pages\/365"}],"wp:attachment":[{"href":"https:\/\/anwi.gmbh\/index.php?rest_route=%2Fwp%2Fv2%2Fmedia&parent=373"}],"curies":[{"name":"wp","href":"https:\/\/api.w.org\/{rel}","templated":true}]}}