{"id":811,"date":"2023-10-25T16:29:09","date_gmt":"2023-10-25T16:29:09","guid":{"rendered":"https:\/\/anwi.gmbh\/?page_id=811"},"modified":"2023-10-26T14:56:49","modified_gmt":"2023-10-26T14:56:49","slug":"live-scripting-osb","status":"publish","type":"page","link":"https:\/\/anwi.gmbh\/?page_id=811&lang=de","title":{"rendered":"Live-Scripting  f\u00fcr OSB Installationen"},"content":{"rendered":"<p>Oracle Service Bus (OSB) ist weit verbreitet und verf\u00fcgt \u00fcber eine gro\u00dfe Installationsbasis. Obwohl neue Projekte derzeit selten sind, gibt es immer wieder Projekte f\u00fcr Migration, Optimierung, und die Integration neuer L\u00f6sungen, f\u00fcr die externe Expertise gefragt ist. Im Zusammenhang mit der Installation von Oracle Service Bus (OSB) ist&nbsp;<a href=\"https:\/\/github.com\/andreaswittmann\/live-scripting\" target=\"_blank\" rel=\"noopener\">Live-Scripting<\/a>&nbsp;ein leistungsstarker Ansatz, der die Ausf\u00fchrung von Befehlszeilenoperationen mit einer detaillierten Dokumentation kombiniert, um einen zuverl\u00e4ssigen und gut dokumentierten Installationsprozess zu schaffen.<\/p>\n<p>In meinem&nbsp;<a href=\"https:\/\/github.com\/andreaswittmann\/live-scripting_osb\" target=\"_blank\" rel=\"noopener\">GitHub Projekt<\/a> stelle ich diesen Ansatz am Beispiel einer einfachen OSB-Installation mit Cluster-Architektur vor. Der Live-Scripting-Ansatz eignet sich besonders f\u00fcr Situationen, bei der einerseits eine vollst\u00e4ndige Automatisierung der OSB-Infrastruktur zu aufwendig ist, und andererseits eine manuelle Installation keine ausreichend genaue Reproduzierbarkeit und Dokumentation liefert. In der Regel handelt es sich um Installation mit bis zu zehn OSB Installationen, die in mehreren Umgebungen, z.B. f\u00fcr Entwicklung, Test und Produktion aufgesetzt sind. In diesem Zusammenhang biete ich die folgenden Dienstleistungen an.<\/p>\n<h5 style=\"text-align: center;\">OSB Installation mit Live-Scripting<\/h5>\n<table style=\"border-collapse: collapse; width: 100%;\">\n<tbody>\n<tr>\n<td style=\"width: 33.333333%; text-align: center;\">\n<h3>Starter<\/h3>\n<\/td>\n<td style=\"width: 33.333333%; text-align: center;\">\n<h3>Standard<\/h3>\n<\/td>\n<td style=\"width: 33.333333%; text-align: center;\">\n<h3>Professional<\/h3>\n<\/td>\n<\/tr>\n<tr>\n<td style=\"width: 33.333333%; text-align: center;\"><strong><span style=\"font-size: 14pt;\">Gratis<\/span><\/strong><\/td>\n<td style=\"width: 33.333333%; text-align: center;\"><strong><span style=\"font-size: 14pt;\">Euro 499,- pro Installation<\/span><\/strong><\/td>\n<td style=\"width: 33.333333%; text-align: center;\"><span style=\"font-size: 14pt;\"><strong>Ab 1200,- Euro pro Tag<\/strong><\/span><\/td>\n<\/tr>\n<tr>\n<td style=\"width: 33.333333%; vertical-align: top;\">Benutzen sie mein<a href=\"https:\/\/github.com\/andreaswittmann\/live-scripting_osb\" target=\"_blank\" rel=\"noopener\"> GitHub Projekt<\/a>, um&nbsp;selbst eine Installation durchzuf\u00fchren und an ihre individuellen Bed\u00fcrfnisse anzupassen. Benutzen Sie den ausf\u00fchrlich dokumentierten und getesteten Installationspfad, um schnell eine lauff\u00e4hige Umgebung aufzubauen. Dabei k\u00f6nnen sie sich f\u00fcr meine Live-Scripting Ansatz entscheiden, oder mit Copy&amp;Paste und einem herk\u00f6mmlichen Terminal arbeiten.<\/td>\n<td style=\"width: 33.333333%;\">Ich f\u00fchre in ihrem Netzwerk eine Installation durch, die zum <a href=\"https:\/\/github.com\/andreaswittmann\/live-scripting_osb\" target=\"_blank\" rel=\"noopener\">GitHub Projekt<\/a> identisch ist. Sie erhalten eine ausf\u00fchrlich dokumentierte L\u00f6sung, die sie als Basis f\u00fcr weitere Installationen oder Erweiterungen nutzen k\u00f6nnen. Sie stellen einen Remote-Zugang und eine Maschine f\u00fcr die Installation bereit. F\u00fcr die produktive Nutzung der Installation m\u00fcssen sie ihre eigenen Lizenzen f\u00fcr die Oracle Software verwenden.<\/td>\n<td style=\"width: 33.333333%; vertical-align: top;\">F\u00fcr Consulting-Eins\u00e4tze k\u00f6nnen sie mich buchen, um in ihrem Projekt individuelle Anforderungen zu adressierend. Ausgehend von <a href=\"https:\/\/github.com\/andreaswittmann\/live-scripting_osb\" target=\"_blank\" rel=\"noopener\">meiner L\u00f6sung auf GitHub<\/a>&nbsp;baue ich ihre eigene Architektur auf, die z.B. weitere Merkmale f\u00fcr Sicherheit und Hochverf\u00fcgbarkeit enthalten kann. Ich helfe auch gerne bei Migrationen, Fehleranalysen, Performance-Optimierungen und Wartungsarbeiten.&nbsp;<\/td>\n<\/tr>\n<tr>\n<td style=\"width: 33.333333%; text-align: center;\"><a class=\"fasc-button fasc-size-large fasc-type-flat ico-fa fasc-ico-before fa-compass\" style=\"background-color: #33809e; color: #ffffff;\" target=\"_blank\" rel=\"nofollow noopener\" href=\"https:\/\/github.com\/andreaswittmann\/live-scripting_osb\">Externer Link zum GitHub Projekt<\/a><\/td>\n<td style=\"width: 33.333333%; text-align: center;\"><a class=\"fasc-button fasc-size-large fasc-type-flat fasc-ico-before dashicons-email-alt\" style=\"background-color: #33809e; color: #ffffff;\" href=\"mailto:info@anwi.gmbh?subject=Standard OSB-Installation mit Live-Scripting&amp;body=Hallo, ich interessiere mich f\u00fcr ihre Standard-L\u00f6sung zur OSB-Installation mit Live-Scripting. Bitte kontaktieren sie mich f\u00fcr weitere Informationen.\">E-Mail Anfrage f\u00fcr Standard-L\u00f6sung<\/a><\/td>\n<td style=\"width: 33.333333%; text-align: center;\"><a class=\"fasc-button fasc-size-large fasc-type-flat fasc-ico-before dashicons-email-alt\" style=\"background-color: #33809e; color: #ffffff;\" href=\"mailto:info@anwi.gmbh?subject=Professional OSB-Installation mit Live-Scripting&amp;body=Hallo, ich interessiere mich f\u00fcr ihre Professional-L\u00f6sung mit individueller Beratungsleistung. Bitte kontaktieren Sie mich f\u00fcr weitere Informationen.\">E-Mail Anfrage f\u00fcr Professional-L\u00f6sung<\/a><\/td>\n<\/tr>\n<\/tbody>\n<\/table>\n","protected":false},"excerpt":{"rendered":"<p>Oracle Service Bus (OSB) ist weit verbreitet und verf\u00fcgt \u00fcber eine gro\u00dfe Installationsbasis. Obwohl neue Projekte derzeit selten sind, gibt es immer wieder Projekte f\u00fcr Migration, Optimierung, und die Integration neuer L\u00f6sungen, f\u00fcr die externe Expertise gefragt ist. Im Zusammenhang mit der Installation von Oracle Service Bus (OSB) ist&nbsp;Live-Scripting&nbsp;ein leistungsstarker Ansatz, der die Ausf\u00fchrung von &hellip; <a href=\"https:\/\/anwi.gmbh\/?page_id=811&#038;lang=de\" class=\"more-link\"><span class=\"screen-reader-text\">\u201eLive-Scripting  f\u00fcr OSB Installationen\u201c<\/span> weiterlesen<\/a><\/p>\n","protected":false},"author":1,"featured_media":823,"parent":0,"menu_order":0,"comment_status":"closed","ping_status":"closed","template":"","meta":{"ngg_post_thumbnail":0,"footnotes":""},"class_list":["post-811","page","type-page","status-publish","has-post-thumbnail","hentry"],"_links":{"self":[{"href":"https:\/\/anwi.gmbh\/index.php?rest_route=\/wp\/v2\/pages\/811","targetHints":{"allow":["GET"]}}],"collection":[{"href":"https:\/\/anwi.gmbh\/index.php?rest_route=\/wp\/v2\/pages"}],"about":[{"href":"https:\/\/anwi.gmbh\/index.php?rest_route=\/wp\/v2\/types\/page"}],"author":[{"embeddable":true,"href":"https:\/\/anwi.gmbh\/index.php?rest_route=\/wp\/v2\/users\/1"}],"replies":[{"embeddable":true,"href":"https:\/\/anwi.gmbh\/index.php?rest_route=%2Fwp%2Fv2%2Fcomments&post=811"}],"version-history":[{"count":16,"href":"https:\/\/anwi.gmbh\/index.php?rest_route=\/wp\/v2\/pages\/811\/revisions"}],"predecessor-version":[{"id":852,"href":"https:\/\/anwi.gmbh\/index.php?rest_route=\/wp\/v2\/pages\/811\/revisions\/852"}],"wp:featuredmedia":[{"embeddable":true,"href":"https:\/\/anwi.gmbh\/index.php?rest_route=\/wp\/v2\/media\/823"}],"wp:attachment":[{"href":"https:\/\/anwi.gmbh\/index.php?rest_route=%2Fwp%2Fv2%2Fmedia&parent=811"}],"curies":[{"name":"wp","href":"https:\/\/api.w.org\/{rel}","templated":true}]}}