{"id":818,"date":"2023-10-25T16:51:39","date_gmt":"2023-10-25T16:51:39","guid":{"rendered":"https:\/\/anwi.gmbh\/?page_id=818"},"modified":"2025-11-11T17:14:50","modified_gmt":"2025-11-11T17:14:50","slug":"angebote","status":"publish","type":"page","link":"https:\/\/anwi.gmbh\/?page_id=818&lang=de","title":{"rendered":"Angebote"},"content":{"rendered":"<p>Dieser Abschnitt listet alle meine aktuellen Angebote.<\/p>\n<ul>\n<li><a href=\"https:\/\/anwi.gmbh\/?page_id=1302&#038;lang=de\">Private AI Agent L\u00f6sung: Knowledge Base, Chat und Workflow-Automation<\/a><\/li>\n<li><a href=\"https:\/\/anwi.gmbh\/?page_id=1156&#038;lang=de\">Private AI Chat-L\u00f6sung: Sichere KI-Kommunikation f\u00fcr Ihr Unternehmen<\/a><\/li>\n<li><a href=\"https:\/\/anwi.gmbh\/?page_id=811&amp;lang=de\">OSB Installation mit Live-Scripting<\/a><\/li>\n<\/ul>\n","protected":false},"excerpt":{"rendered":"<p>Dieser Abschnitt listet alle meine aktuellen Angebote. Private AI Agent L\u00f6sung: Knowledge Base, Chat und Workflow-Automation Private AI Chat-L\u00f6sung: Sichere KI-Kommunikation f\u00fcr Ihr Unternehmen OSB Installation mit Live-Scripting<\/p>\n","protected":false},"author":1,"featured_media":0,"parent":0,"menu_order":0,"comment_status":"closed","ping_status":"closed","template":"","meta":{"ngg_post_thumbnail":0,"footnotes":""},"class_list":["post-818","page","type-page","status-publish","hentry"],"_links":{"self":[{"href":"https:\/\/anwi.gmbh\/index.php?rest_route=\/wp\/v2\/pages\/818","targetHints":{"allow":["GET"]}}],"collection":[{"href":"https:\/\/anwi.gmbh\/index.php?rest_route=\/wp\/v2\/pages"}],"about":[{"href":"https:\/\/anwi.gmbh\/index.php?rest_route=\/wp\/v2\/types\/page"}],"author":[{"embeddable":true,"href":"https:\/\/anwi.gmbh\/index.php?rest_route=\/wp\/v2\/users\/1"}],"replies":[{"embeddable":true,"href":"https:\/\/anwi.gmbh\/index.php?rest_route=%2Fwp%2Fv2%2Fcomments&post=818"}],"version-history":[{"count":7,"href":"https:\/\/anwi.gmbh\/index.php?rest_route=\/wp\/v2\/pages\/818\/revisions"}],"predecessor-version":[{"id":1309,"href":"https:\/\/anwi.gmbh\/index.php?rest_route=\/wp\/v2\/pages\/818\/revisions\/1309"}],"wp:attachment":[{"href":"https:\/\/anwi.gmbh\/index.php?rest_route=%2Fwp%2Fv2%2Fmedia&parent=818"}],"curies":[{"name":"wp","href":"https:\/\/api.w.org\/{rel}","templated":true}]}}